{"id":15,"date":"2024-07-18T09:47:24","date_gmt":"2024-07-18T09:47:24","guid":{"rendered":"http:\/\/www.hcsmakina.com.tr\/?page_id=15"},"modified":"2025-12-24T10:09:49","modified_gmt":"2025-12-24T10:09:49","slug":"15-2","status":"publish","type":"page","link":"http:\/\/www.hcsmakina.com.tr\/","title":{"rendered":""},"content":{"rendered":"\n<figure class=\"wp-block-image alignwide size-full has-custom-border\"><img loading=\"lazy\" decoding=\"async\" width=\"1194\" height=\"547\" src=\"http:\/\/www.hcsmakina.com.tr\/wp-content\/uploads\/2024\/07\/444.png\" alt=\"\" class=\"wp-image-27\" style=\"border-style:none;border-width:0px;border-radius:0px\" srcset=\"http:\/\/www.hcsmakina.com.tr\/wp-content\/uploads\/2024\/07\/444.png 1194w, http:\/\/www.hcsmakina.com.tr\/wp-content\/uploads\/2024\/07\/444-300x137.png 300w, http:\/\/www.hcsmakina.com.tr\/wp-content\/uploads\/2024\/07\/444-1024x469.png 1024w, http:\/\/www.hcsmakina.com.tr\/wp-content\/uploads\/2024\/07\/444-768x352.png 768w\" sizes=\"(max-width: 1194px) 100vw, 1194px\" \/><\/figure>\n\n\n\n<div class=\"wp-block-columns is-not-stacked-on-mobile is-layout-flex wp-container-core-columns-is-layout-1 wp-block-columns-is-layout-flex\" style=\"padding-top:0;padding-right:0;padding-bottom:0;padding-left:0\">\n<div class=\"wp-block-column is-vertically-aligned-center is-layout-flow wp-block-column-is-layout-flow\" style=\"padding-right:0;padding-left:0\">\n<p class=\"has-text-align-center\"><strong>HCS Makina M\u00fcmessillik ve Ticaret A.\u015e. &nbsp;&nbsp;Fenerbah\u00e7e Mah. Fener Kalam\u0131\u015f Cad. M\u00fcge Apt. No: 84 &nbsp;Daire: 4 &nbsp;Kad\u0131k\u00f6y 34726 \u0130STANBUL &nbsp; &nbsp; &nbsp;<\/strong><\/p>\n\n\n\n<p class=\"has-text-align-center\"><strong>Telefon:+90 216 4925751&nbsp; &nbsp;Faks:+90 216 4923982 &nbsp; hcsmakina@gmail.com<\/strong><\/p>\n\n\n\n<p class=\"has-text-align-center\">\u00a9 HCS 2025- Her hakk\u0131 sakl\u0131d\u0131r.<\/p>\n<\/div>\n<\/div>\n","protected":false},"excerpt":{"rendered":"<p>HCS Makina M\u00fcmessillik ve Ticaret A.\u015e. &nbsp;&nbsp;Fenerbah\u00e7e Mah. Fener Kalam\u0131\u015f Cad. M\u00fcge Apt. No: 84 &nbsp;Daire: 4 &nbsp;Kad\u0131k\u00f6y 34726 \u0130STANBUL &nbsp; &nbsp; &nbsp; Telefon:+90 216 4925751&nbsp; &nbsp;Faks:+90 216 4923982 &nbsp; hcsmakina@gmail.com \u00a9 HCS 2025- Her hakk\u0131 sakl\u0131d\u0131r.<\/p>\n","protected":false},"author":2,"featured_media":0,"parent":0,"menu_order":0,"comment_status":"closed","ping_status":"closed","template":"page-no-title","meta":{"footnotes":""},"class_list":["post-15","page","type-page","status-publish","hentry"],"_links":{"self":[{"href":"http:\/\/www.hcsmakina.com.tr\/index.php?rest_route=\/wp\/v2\/pages\/15"}],"collection":[{"href":"http:\/\/www.hcsmakina.com.tr\/index.php?rest_route=\/wp\/v2\/pages"}],"about":[{"href":"http:\/\/www.hcsmakina.com.tr\/index.php?rest_route=\/wp\/v2\/types\/page"}],"author":[{"embeddable":true,"href":"http:\/\/www.hcsmakina.com.tr\/index.php?rest_route=\/wp\/v2\/users\/2"}],"replies":[{"embeddable":true,"href":"http:\/\/www.hcsmakina.com.tr\/index.php?rest_route=%2Fwp%2Fv2%2Fcomments&post=15"}],"version-history":[{"count":15,"href":"http:\/\/www.hcsmakina.com.tr\/index.php?rest_route=\/wp\/v2\/pages\/15\/revisions"}],"predecessor-version":[{"id":40,"href":"http:\/\/www.hcsmakina.com.tr\/index.php?rest_route=\/wp\/v2\/pages\/15\/revisions\/40"}],"wp:attachment":[{"href":"http:\/\/www.hcsmakina.com.tr\/index.php?rest_route=%2Fwp%2Fv2%2Fmedia&parent=15"}],"curies":[{"name":"wp","href":"https:\/\/api.w.org\/{rel}","templated":true}]}}